{"id":81,"date":"2015-07-30T15:19:55","date_gmt":"2015-07-30T13:19:55","guid":{"rendered":"http:\/\/www.baden-bowmen.de\/wordpress\/?page_id=81"},"modified":"2023-03-14T15:15:08","modified_gmt":"2023-03-14T14:15:08","slug":"gastschuetzen","status":"publish","type":"page","link":"https:\/\/www.baden-bowmen.de\/wordpress\/?page_id=81","title":{"rendered":"Gastsch\u00fctzen"},"content":{"rendered":"<p><strong>Hinweise f\u00fcr Gastsch\u00fctzen \/ Schl\u00fcsselleihe \/ Platzordnung<\/strong><\/p>\n<p><span style=\"color: #000000;\">Unser Parcour ist t\u00e4glich zug\u00e4nglich. Die \u00d6ffnungszeiten f\u00fcr G\u00e4ste richten<\/span><br \/>\n<span style=\"color: #000000;\"> sich allerdings nach denen der `Aral-Tankstelle` in H\u00fcgelsheim.<\/span><br \/>\n<span style=\"color: #000000;\"> An der Kasse der Tankstelle ist gegen die Abgabe eines Pfands von 50,\u2014 Euro<\/span><br \/>\n<span style=\"color: #000000;\"> in bar der Tor-Schl\u00fcssel f\u00fcr unser Gel\u00e4nde auszuleihen.<\/span><\/p>\n<p><span style=\"color: #000000;\">Desweiteren erhalten Gastsch\u00fctzen an der Kasse der Tankstelle zum Schl\u00fcssel<\/span><br \/>\n<span style=\"color: #000000;\"> auch einen Gastsch\u00fctzen-Ausweis. Wir bitten den Ausweis w\u00e4hrend des Besuchs<\/span><br \/>\n<span style=\"color: #000000;\"> auf unserem Gel\u00e4nde gut sichtbar mit sich zu f\u00fchren und, falls gew\u00fcnscht, auf<\/span><br \/>\n<span style=\"color: #000000;\"> Verlangen vorzuzeigen. Jedes Mitglied des `Baden-Bowmen e.V.` ist berechtigt<\/span><br \/>\n<span style=\"color: #000000;\"> Kontrollen durchzuf\u00fchren.<\/span><\/p>\n<p><span style=\"color: #000000;\">Das Parken eines Fahrzeugs findet f\u00fcr G\u00e4ste auf dem G\u00e4steparkplatz statt.<\/span><br \/>\n<span style=\"color: #000000;\"> Dieser ist ausgeschildert, befindet sich links vor dem Schie\u00dfplatz.<\/span><\/p>\n<p><span style=\"color: #000000;\">Vor der Platznutzung ist in dem Orga-Geb\u00e4ude (alter Pumpenraum) der Eintrag in<\/span><br \/>\n<span style=\"color: #000000;\"> das Gastsch\u00fctzenbuch zu leisten. Die Tagesgeb\u00fchr stecken Sie bitte in einen der vor<\/span><br \/>\n<span style=\"color: #000000;\"> Ort bereitliegenden Umschl\u00e4ge, beschriften den Umschlag mit der Blatt-Nummer<\/span><br \/>\n<span style=\"color: #000000;\"> des Gastsch\u00fctzenbuches und werfen ihn in den in der Wand befindlichen Briefkasten.<\/span><\/p>\n<p><a title=\"Platzordnung\" href=\"http:\/\/www.baden-bowmen.de\/wordpress\/?page_id=58\">Pflicht des Gastsch\u00fctzen &#8211;\u00a0 das Lesen der Platzordnung\u00a0<\/a><\/p>\n<p><img src=\"http:\/\/www.baden-bowmen.de\/blogparts\/G704.jpg\" alt=\"\" \/><\/p>\n<p>Die Platzgeb\u00fchr \/ Tagesnutzungsgeb\u00fchr f\u00fcr den Bogenplatz betr\u00e4gt pro Person<\/p>\n<p>f\u00fcr Erwachsene \u00a0 12,5o Euro \/ <a title=\"\u2026. Platzgeb\u00fchren f\u00fcr G\u00e4ste &#96;10+1&#96;\" href=\"http:\/\/www.baden-bowmen.de\/wordpress\/?p=315\">alternativ auch Zehnerkarte `10+1`<\/a><br \/>\nf\u00fcr Kinder \/ Jugendliche im Alter von 10-17 Jahren\u00a0 \u00a07,5o Euro<\/p>\n<p>Kinder unter 10 Jahren d\u00fcrfen den Platz kostenlos nutzen.<\/p>\n<p><span style=\"color: #9e1c1c;\">Kinder und Jugendliche unter 18 Jahren nur in Begleitung Erwachsener<\/span><\/p>\n<div id=\"attachment_198\" style=\"width: 606px\" class=\"wp-caption alignnone\"><img aria-describedby=\"caption-attachment-198\" loading=\"lazy\" class=\"wp-image-198 size-full\" src=\"http:\/\/www.baden-bowmen.de\/wordpress\/wp-content\/uploads\/2015\/07\/Lubi_Anfahrt_oo2.gif\" alt=\"\" width=\"596\" height=\"496\" \/><p id=\"caption-attachment-198\" class=\"wp-caption-text\">Luftbild zur Lage des Bogenplatzes, Aussenbereich Sektor `E`<\/p><\/div>\n<p>Wir gehen davon aus, dass ein Gastsch\u00fctze vollst\u00e4ndig eigenes Material besitzt<br \/>\nund dieses mitbringt. Es gibt auf dem Bogenplatz keine M\u00f6glichkeit B\u00f6gen, Pfeile<br \/>\nund\/ oder Zubeh\u00f6r auszuleihen.<\/p>\n<p>Die Nutzunungszeit variiert \u00fcber das Jahr in Abh\u00e4ngigkeit zum Tageslicht:<\/p>\n<p>Wintermonate t\u00e4gl. 8.oo bis 17.oo Uhr, Sommermonate t\u00e4gl. 8.oo bis 19.oo Uhr<\/p>\n<p>Der Platz ist nach dieser Zeit zu verlassen. Das \u00dcbernachten und\/ oder Campen ist<br \/>\nverboten und wird bei nachvollziehbarem Versto\u00df von uns entsprechend verfolgt.<\/p>\n<p><a title=\"Platzordnung\" href=\"http:\/\/www.baden-bowmen.de\/wordpress\/?page_id=58\">Pflicht des Gastsch\u00fctzen &#8211;\u00a0 das Lesen der Platzordnung\u00a0<\/a><\/p>\n<p>Wir w\u00fcnschen gutes Gelingen, viel Spa\u00df und `alle ins Kill`.<\/p>\n","protected":false},"excerpt":{"rendered":"<p>Hinweise f\u00fcr Gastsch\u00fctzen \/ Schl\u00fcsselleihe \/ Platzordnung Unser Parcour ist t\u00e4glich zug\u00e4nglich. Die \u00d6ffnungszeiten f\u00fcr G\u00e4ste richten sich allerdings nach denen der `Aral-Tankstelle` in H\u00fcgelsheim. An der Kasse der Tankstelle ist gegen die Abgabe eines Pfands von 50,\u2014 Euro in bar der Tor-Schl\u00fcssel f\u00fcr unser Gel\u00e4nde auszuleihen. Desweiteren erhalten Gastsch\u00fctzen an der Kasse der Tankstelle [&hellip;]<\/p>\n","protected":false},"author":1,"featured_media":0,"parent":0,"menu_order":0,"comment_status":"closed","ping_status":"closed","template":"","meta":{"_s2mail":"yes"},"_links":{"self":[{"href":"https:\/\/www.baden-bowmen.de\/wordpress\/index.php?rest_route=\/wp\/v2\/pages\/81"}],"collection":[{"href":"https:\/\/www.baden-bowmen.de\/wordpress\/index.php?rest_route=\/wp\/v2\/pages"}],"about":[{"href":"https:\/\/www.baden-bowmen.de\/wordpress\/index.php?rest_route=\/wp\/v2\/types\/page"}],"author":[{"embeddable":true,"href":"https:\/\/www.baden-bowmen.de\/wordpress\/index.php?rest_route=\/wp\/v2\/users\/1"}],"replies":[{"embeddable":true,"href":"https:\/\/www.baden-bowmen.de\/wordpress\/index.php?rest_route=%2Fwp%2Fv2%2Fcomments&post=81"}],"version-history":[{"count":41,"href":"https:\/\/www.baden-bowmen.de\/wordpress\/index.php?rest_route=\/wp\/v2\/pages\/81\/revisions"}],"predecessor-version":[{"id":1052,"href":"https:\/\/www.baden-bowmen.de\/wordpress\/index.php?rest_route=\/wp\/v2\/pages\/81\/revisions\/1052"}],"wp:attachment":[{"href":"https:\/\/www.baden-bowmen.de\/wordpress\/index.php?rest_route=%2Fwp%2Fv2%2Fmedia&parent=81"}],"curies":[{"name":"wp","href":"https:\/\/api.w.org\/{rel}","templated":true}]}}