{"id":58,"date":"2015-07-30T12:57:26","date_gmt":"2015-07-30T10:57:26","guid":{"rendered":"http:\/\/www.baden-bowmen.de\/wordpress\/?page_id=58"},"modified":"2022-09-19T12:25:07","modified_gmt":"2022-09-19T10:25:07","slug":"platzordnung","status":"publish","type":"page","link":"https:\/\/www.baden-bowmen.de\/wordpress\/?page_id=58","title":{"rendered":"Platzordnung"},"content":{"rendered":"<p>Die Platzordnung ist vertraglicher Bestandteil des Schie\u00dfbetriebs. Folglich ist<br \/>\ndiese vollst\u00e4ndig zu lesen und durch den Eintrag in das Sch\u00fctzenbuch als bindend<br \/>\nanzuerkennen.<\/p>\n<p><strong>Platzordnung Baden-Bowmen e.V. &#8211; \u00a0 Datum 30.07.2019<\/strong><\/p>\n<ol>\n<li>Allgemeine Schie\u00dfregeln (DFBV) sind zu beachten.<\/li>\n<li>Die Gel\u00e4nde &#8211; und Brandschutzverordnung des Baden-Airpark ist verbindlicher<br \/>\nBestandteil unserer Platzordnung. Offenes Feuer ist verboten.<\/li>\n<li>Es gilt die Rechtsverordnung des Regierungspr\u00e4sidiums Karlsruhe bez\u00fcglich<br \/>\ndes Naturschutzgebiets<a href=\"http:\/\/www2.lubw.baden-wuerttemberg.de\/public\/abt2\/dokablage\/oac_12\/wuerdigung\/2\/2216.htm\"> Stollhofener Platte.<\/a><\/li>\n<li>Jeder Sch\u00fctze muss \u00fcber eine g\u00fcltige private Haftpflichtversicherung verf\u00fcgen,<br \/>\nhaftet uneingeschr\u00e4nkt f\u00fcr den eigenen Schuss. Der Sch\u00fctze verpflichtet sich<br \/>\nnur dann zu schie\u00dfen, wenn er sich von einer freien Schussbahn vor und<br \/>\nhinter dem Ziel \u00fcberzeugt hat.<\/li>\n<li>Auf dem Parkplatz und der Zufahrt gilt die Stra\u00dfenverkehrsordnung.<\/li>\n<li>Gekennzeichnete Wege m\u00fcssen benutzt und d\u00fcrfen nicht verlassen werden.<br \/>\nEin Begehen und Befahren der Trockengrasfl\u00e4chen au\u00dferhalb gekennzeichneter<br \/>\nWege ist generell untersagt, Vorgaben Naturschutzgebiet <a href=\"http:\/\/www2.lubw.baden-wuerttemberg.de\/public\/abt2\/dokablage\/oac_12\/wuerdigung\/2\/2216.htm\">Stollhofener Platte.<br \/>\nDas Parken findet nur auf Beton oder Asphalt statt.<\/a>.<\/li>\n<li>Auf dem Parcour ist zwischen den Gruppen ein Abstand von mindestens zwei<br \/>\nBahnen bzw. Scheiben einzuhalten.<\/li>\n<li>Quersch\u00fcsse sind auf der gesamten Anlage verboten, Sch\u00fcsse in Richtung des<br \/>\nFlugfeldes Baden-Airpark f\u00fchren zum Platzverweis!<\/li>\n<li>Maximal erlauben wir 3 Sch\u00fcsse pro 3D-Tier.<\/li>\n<li>Der Schuss mit Jagdspitzen\/ Blunts ist auf dem gesamten Gel\u00e4nde verboten.<\/li>\n<li>Pfeilspitzen sind aus den Scheiben\/ Tieratrappen zu entfernen.<\/li>\n<li>Hunde d\u00fcrfen auf dem gesamten Gel\u00e4nde nur an der Leine gef\u00fchrt werden.<\/li>\n<li>Das Rauchen ist im gesamten Parcourbereich untersagt. Grundlage<br \/>\nhierf\u00fcr ist die g\u00fcltige Brandschutzverordnung.<\/li>\n<li>Mitgliedsausweise sind mitzuf\u00fchren und auf Verlangen vorzuzeigen. Jedes<br \/>\nVereinsmitglied soll sich verpflichtet f\u00fchlen ihm unbekannte Sch\u00fctzen auf<br \/>\neine Mitgliedschaft bzw. auf die Bezahlung des Gastsch\u00fctzengeldes und den<br \/>\nn\u00f6tigen Eintrag im Schie\u00dfbuch anzusprechen.<\/li>\n<li>Die Zahlung der Nutzungsgeb\u00fchr f\u00fcr Gastsch\u00fctzen und der Eintrag in die<br \/>\nSchie\u00dfkladde hat vor Schie\u00dfbeginn zu erfolgen.<\/li>\n<li>Das Armbrustschie\u00dfen ist auf dem gesamten Gel\u00e4nde strengstens untersagt!<\/li>\n<li>Das Tor an der Zufahrt ist immer geschlossen zu halten!<\/li>\n<li>Es besteht eine Parkordnung f\u00fcr G\u00e4ste. Dieser ist Folge zu leisten.<\/li>\n<li>Wir bitten erzeugten M\u00fcll jeglicher Form mitzunehmen. Bitte halten Sie den<br \/>\nBogenplatz sauber. Als Erg\u00e4nzung zu Punkt 12 m\u00f6chten wir\u00a0 darauf hinweisen,<br \/>\ndass wir das Beseitigen von Hundekot und Kotresten durch\u00a0 den Halter f\u00fcr<br \/>\nselbstverst\u00e4ndlich erachten.<\/li>\n<li>\u00dcbernachten und Campen ist verboten<\/li>\n<li>Der Bogenplatz wird zur \u00dcberpr\u00fcfung und nachhaltigen Dokumentation von<br \/>\nDiebst\u00e4hlen und Vandalismus zeitweise mit Kameras \u00fcberwacht. Erhobene<br \/>\n\u00dcberwachungsaufnahmen werden bei Relevanz ausschlie\u00dflich zur gezielten<br \/>\nStrafverfolgung verwendet, werden nicht ver\u00f6ffentlicht und regelm\u00e4\u00dfig<br \/>\ngel\u00f6scht. Die \u00dcberwachung erfolgt gem\u00e4\u00df der gesetzlichen Grundlagen,<br \/>\ngem\u00e4\u00df \u00a7 6 b BDSG.<\/li>\n<\/ol>\n<p>Jeder Nutzer des Bogenplatzes ist verpflichtet die Platzordnung zu lesen und danach<br \/>\nzu handeln. Auf Nichteinhaltung wird von uns entsprechend reagiert.<\/p>\n<p><img loading=\"lazy\" class=\"alignnone size-full wp-image-155\" src=\"http:\/\/www.baden-bowmen.de\/wordpress\/wp-content\/uploads\/2015\/07\/rangesign.jpg\" alt=\"rangesign\" width=\"596\" height=\"691\" srcset=\"https:\/\/www.baden-bowmen.de\/wordpress\/wp-content\/uploads\/2015\/07\/rangesign.jpg 596w, https:\/\/www.baden-bowmen.de\/wordpress\/wp-content\/uploads\/2015\/07\/rangesign-258x300.jpg 258w\" sizes=\"(max-width: 596px) 100vw, 596px\" \/><\/p>\n<p>Die Platzgeb\u00fchr \/ Tagesnutzungsgeb\u00fchr f\u00fcr den Bogenplatz betr\u00e4gt f\u00fcr G\u00e4ste pro Person<\/p>\n<p>f\u00fcr Erwachsene 12,5o Euro\u00a0\/ <a title=\"\u2026. Platzgeb\u00fchren f\u00fcr G\u00e4ste &#96;10+1&#96;\" href=\"http:\/\/www.baden-bowmen.de\/wordpress\/?p=315\">alternativ auch Zehnerkarte `10+1`<\/a><br \/>\nf\u00fcr Kinder \/ Jugendliche im Alter von 10-17 Jahren 7,5o Euro<\/p>\n<p>Kinder unter 10 Jahren d\u00fcrfen den Platz kostenlos nutzen.<\/p>\n<p><span style=\"color: #db1f1f;\">Kinder und Jugendliche unter 18 Jahren nur in Begleitung Erwachsener<\/span><\/p>\n","protected":false},"excerpt":{"rendered":"<p>Die Platzordnung ist vertraglicher Bestandteil des Schie\u00dfbetriebs. Folglich ist diese vollst\u00e4ndig zu lesen und durch den Eintrag in das Sch\u00fctzenbuch als bindend anzuerkennen. Platzordnung Baden-Bowmen e.V. &#8211; \u00a0 Datum 30.07.2019 Allgemeine Schie\u00dfregeln (DFBV) sind zu beachten. Die Gel\u00e4nde &#8211; und Brandschutzverordnung des Baden-Airpark ist verbindlicher Bestandteil unserer Platzordnung. Offenes Feuer ist verboten. Es gilt die [&hellip;]<\/p>\n","protected":false},"author":1,"featured_media":0,"parent":0,"menu_order":0,"comment_status":"closed","ping_status":"closed","template":"","meta":{"_s2mail":"yes"},"_links":{"self":[{"href":"https:\/\/www.baden-bowmen.de\/wordpress\/index.php?rest_route=\/wp\/v2\/pages\/58"}],"collection":[{"href":"https:\/\/www.baden-bowmen.de\/wordpress\/index.php?rest_route=\/wp\/v2\/pages"}],"about":[{"href":"https:\/\/www.baden-bowmen.de\/wordpress\/index.php?rest_route=\/wp\/v2\/types\/page"}],"author":[{"embeddable":true,"href":"https:\/\/www.baden-bowmen.de\/wordpress\/index.php?rest_route=\/wp\/v2\/users\/1"}],"replies":[{"embeddable":true,"href":"https:\/\/www.baden-bowmen.de\/wordpress\/index.php?rest_route=%2Fwp%2Fv2%2Fcomments&post=58"}],"version-history":[{"count":33,"href":"https:\/\/www.baden-bowmen.de\/wordpress\/index.php?rest_route=\/wp\/v2\/pages\/58\/revisions"}],"predecessor-version":[{"id":1008,"href":"https:\/\/www.baden-bowmen.de\/wordpress\/index.php?rest_route=\/wp\/v2\/pages\/58\/revisions\/1008"}],"wp:attachment":[{"href":"https:\/\/www.baden-bowmen.de\/wordpress\/index.php?rest_route=%2Fwp%2Fv2%2Fmedia&parent=58"}],"curies":[{"name":"wp","href":"https:\/\/api.w.org\/{rel}","templated":true}]}}