{"id":242,"date":"2015-08-03T22:37:41","date_gmt":"2015-08-03T20:37:41","guid":{"rendered":"http:\/\/www.baden-bowmen.de\/wordpress\/?page_id=242"},"modified":"2025-05-25T15:17:10","modified_gmt":"2025-05-25T13:17:10","slug":"areal-2","status":"publish","type":"page","link":"https:\/\/www.baden-bowmen.de\/wordpress\/?page_id=242","title":{"rendered":"Areal"},"content":{"rendered":"<p><b>Unser Gel\u00e4nde &#8211; Scheibenplatz und 3D-Parcour<\/b><\/p>\n<p>Das Areal befindet sich s\u00fcd-westlich der Start- und Landebahn des Baden-Airpark.<br \/>Im Gegensatz zum niedrig bewachsenen Zufahrtsbereich, ist das Grundst\u00fcck in der<br \/>Hauptsache mit Mischwald besetzt.<\/p>\n<p>Nach Durchfahren der Zufahrt erreichen Sie nach 350 Metern unser Gel\u00e4nde, erneut<br \/>abgegrenzt durch einen Zaun. Zur Linken befindet sich der G\u00e4steparkplatz.<br \/>Das Orga-Geb\u00e4ude `G 704`, der `alte Pumpenraum`, dient als Anmeldung und als<br \/>Aufenthaltsraum.<\/p>\n<p>Der gesamte Platz ist rollstuhlgeeignet, vorzugsweise mit Begleitperson.<br \/>Im Besonderen Schuss 1 des 3D-Parcours ist mit einem Zusatzweg ausgestattet,<br \/>um das Schie\u00dfen des Parcours mit Rollstuhl zu erm\u00f6glichen.<\/p>\n<p>Generell ist der gesamte Bogenplatz f\u00fcr das Schie\u00dfen von traditioneller Ausr\u00fcstung<br \/>und Compound-B\u00f6gen von bis zu 70lbs. ausgelegt.\u00a0 Die im vorderen Bereich gelegene<br \/>Einschie\u00dfbahn\/ Scheibenanlage erlaubt Sch\u00fcsse\u00a0 auf Entfernungen von 10 bis 60 Meter.<\/p>\n<p>Der im Wald gelegene 3D-Parcour besteht aus 28 Zielen\/ Bahnen &#8211; nachfolgend einige<br \/>Bilder, die einen ersten Eindruck vermitteln sollen.<\/p>\n<p>Seit Anfang 2015 ist das Durchfahren des Bogenplatzes in Richtung 3D-Parcour und<br \/>unserer Waldh\u00fctte nur noch nach vorhergehender Absprache gestattet. Die Ma\u00dfnahme<br \/>dient zur Beruhigung des Areals, verbessert nicht zuletzt die Sicherheit f\u00fcr Tier und<br \/>Mensch, ist praktizierter `Naturschutz Stollhofener Platte`.<\/p>\n<div style=\"width: 610px\" class=\"wp-caption alignnone\"><img loading=\"lazy\" class=\"\" src=\"http:\/\/www.baden-bowmen.de\/blogparts\/G704.jpg\" alt=\"\" width=\"600\" height=\"399\" \/><p class=\"wp-caption-text\">`alter Pumpenraum` &#8211; Anmeldung<\/p><\/div>\n<div style=\"width: 610px\" class=\"wp-caption alignnone\"><a href=\"http:\/\/www.baden-bowmen.de\/blogparts\/KscheibeTotal.jpg\" target=\"_blank\" rel=\"noopener noreferrer\"><img loading=\"lazy\" title=\"Klick zum Gro\u00dfbild ....\" src=\"http:\/\/www.baden-bowmen.de\/blogparts\/Kscheibe.jpg\" alt=\"\" width=\"600\" height=\"399\" \/><\/a><p class=\"wp-caption-text\">f\u00fcr den Nachwuchs &#8211; Kinderscheibe 3&#215;4 Meter<\/p><\/div>\n<div style=\"width: 610px\" class=\"wp-caption alignnone\"><img loading=\"lazy\" src=\" http:\/\/www.baden-bowmen.de\/blogparts\/Range.jpg\" alt=\"\" width=\"600\" height=\"399\" \/><p class=\"wp-caption-text\">Einschie\u00dfbahn &#8211; Entfernungen von 10-60 Meter<\/p><\/div>\n<p><img loading=\"lazy\" class=\"alignnone\" src=\" http:\/\/www.baden-bowmen.de\/blogparts\/Steinbock.gif\" alt=\"\" width=\"600\" height=\"896\" \/><\/p>\n<p>Im Parcour finden sich Ziele unterschiedlichster Gr\u00f6\u00dfe, einzeln stehend oder in Gruppen,<br \/>Attrappen von Eule bis Bison. Der Aufbau wird st\u00e4ndig ge\u00e4ndert, sodass\u00a0selbst bei einem<br \/>regelm\u00e4\u00dfigen Platzbesuch \u00dcberraschungen auf den Besucher warten.<\/p>\n\n\n<figure class=\"wp-block-image size-full is-style-default\"><a href=\"https:\/\/www.baden-bowmen.de\/wordpress\/wp-content\/uploads\/2024\/04\/Mammut-600.jpg\"><img loading=\"lazy\" width=\"600\" height=\"400\" src=\"https:\/\/www.baden-bowmen.de\/wordpress\/wp-content\/uploads\/2024\/04\/Mammut-600.jpg\" alt=\"\" class=\"wp-image-1133\" srcset=\"https:\/\/www.baden-bowmen.de\/wordpress\/wp-content\/uploads\/2024\/04\/Mammut-600.jpg 600w, https:\/\/www.baden-bowmen.de\/wordpress\/wp-content\/uploads\/2024\/04\/Mammut-600-300x200.jpg 300w\" sizes=\"(max-width: 600px) 100vw, 600px\" \/><\/a><\/figure>\n\n\n\n<figure class=\"wp-block-image size-full\"><a href=\"https:\/\/www.baden-bowmen.de\/wordpress\/wp-content\/uploads\/2024\/04\/Saebelzahn-600.jpg\"><img loading=\"lazy\" width=\"600\" height=\"400\" src=\"https:\/\/www.baden-bowmen.de\/wordpress\/wp-content\/uploads\/2024\/04\/Saebelzahn-600.jpg\" alt=\"\" class=\"wp-image-1134\" srcset=\"https:\/\/www.baden-bowmen.de\/wordpress\/wp-content\/uploads\/2024\/04\/Saebelzahn-600.jpg 600w, https:\/\/www.baden-bowmen.de\/wordpress\/wp-content\/uploads\/2024\/04\/Saebelzahn-600-300x200.jpg 300w\" sizes=\"(max-width: 600px) 100vw, 600px\" \/><\/a><\/figure>\n\n\n\n<p>Wo trifft man ansonsten heute noch ein Mammut oder S\u00e4belzahn im Wald ?<\/p>\n\n\n\n<p><\/p>\n","protected":false},"excerpt":{"rendered":"<p>Unser Gel\u00e4nde &#8211; Scheibenplatz und 3D-Parcour Das Areal befindet sich s\u00fcd-westlich der Start- und Landebahn des Baden-Airpark.Im Gegensatz zum niedrig bewachsenen Zufahrtsbereich, ist das Grundst\u00fcck in derHauptsache mit Mischwald besetzt. Nach Durchfahren der Zufahrt erreichen Sie nach 350 Metern unser Gel\u00e4nde, erneutabgegrenzt durch einen Zaun. Zur Linken befindet sich der G\u00e4steparkplatz.Das Orga-Geb\u00e4ude `G 704`, der [&hellip;]<\/p>\n","protected":false},"author":1,"featured_media":0,"parent":0,"menu_order":0,"comment_status":"closed","ping_status":"closed","template":"","meta":{"_s2mail":"yes"},"_links":{"self":[{"href":"https:\/\/www.baden-bowmen.de\/wordpress\/index.php?rest_route=\/wp\/v2\/pages\/242"}],"collection":[{"href":"https:\/\/www.baden-bowmen.de\/wordpress\/index.php?rest_route=\/wp\/v2\/pages"}],"about":[{"href":"https:\/\/www.baden-bowmen.de\/wordpress\/index.php?rest_route=\/wp\/v2\/types\/page"}],"author":[{"embeddable":true,"href":"https:\/\/www.baden-bowmen.de\/wordpress\/index.php?rest_route=\/wp\/v2\/users\/1"}],"replies":[{"embeddable":true,"href":"https:\/\/www.baden-bowmen.de\/wordpress\/index.php?rest_route=%2Fwp%2Fv2%2Fcomments&post=242"}],"version-history":[{"count":37,"href":"https:\/\/www.baden-bowmen.de\/wordpress\/index.php?rest_route=\/wp\/v2\/pages\/242\/revisions"}],"predecessor-version":[{"id":1255,"href":"https:\/\/www.baden-bowmen.de\/wordpress\/index.php?rest_route=\/wp\/v2\/pages\/242\/revisions\/1255"}],"wp:attachment":[{"href":"https:\/\/www.baden-bowmen.de\/wordpress\/index.php?rest_route=%2Fwp%2Fv2%2Fmedia&parent=242"}],"curies":[{"name":"wp","href":"https:\/\/api.w.org\/{rel}","templated":true}]}}