{"id":165,"date":"2015-07-31T16:46:45","date_gmt":"2015-07-31T14:46:45","guid":{"rendered":"http:\/\/www.baden-bowmen.de\/wordpress\/?page_id=165"},"modified":"2026-04-14T09:08:13","modified_gmt":"2026-04-14T07:08:13","slug":"termine","status":"publish","type":"page","link":"https:\/\/www.baden-bowmen.de\/wordpress\/?page_id=165","title":{"rendered":"Termine"},"content":{"rendered":"<p>Der folgende Kalender wird regelm\u00e4\u00dfig aktualisiert. Die Eintr\u00e4ge informieren<br \/>\nim Detail \u00fcber Veranstaltungen, Arbeiten oder besondere Situationen vor Ort.<\/p>\n<div class='wpbc_only_calendar wpbc_container'><div id='calendar_booking_unselectable1'><\/div><span class=\"wpdevelop\"><div style=\"clear:both;height:10px;\"><\/div><div class=\"wpbc_calendar_wraper wpbc_change_over_triangle\"><div class=\"bk_calendar_frame wpbc_no_custom_width  months_num_in_row_ cal_month_num_2 wpbc_timeslot_day_bg_as_available\" style=\"\"><div id=\"calendar_booking1\">Kalender wird geladen...<\/div><\/div><div style=\"font-size:7px;text-align:left;margin:0 0 10px;text-shadow: none;\">Powered by <a href=\"https:\/\/wpbookingcalendar.com\" target=\"_blank\" title=\"Booking Calendar plugin for WordPress\">Booking Calendar<\/a><\/div><textarea id=\"date_booking1\" name=\"date_booking1\" autocomplete=\"off\" style=\"display:none;\"><\/textarea><\/div> <script type='text\/javascript'> jQuery(document).ready( function(){  _wpbc.balancer__set_max_threads( 3 );  _wpbc.calendar__set_param_value( 1 , 'calendar_scroll_to' , false );  _wpbc.calendar__set_param_value( 1 , 'booking_max_monthes_in_calendar' , '1y' );  _wpbc.calendar__set_param_value( 1 , 'booking_start_day_weeek' , '1' );  _wpbc.calendar__set_param_value( 1 , 'calendar_number_of_months' , '2' );   _wpbc.calendar__set_param_value( 1, 'days_select_mode', 'multiple' );   _wpbc.calendar__set_param_value( 1, 'fixed__days_num', 0 );   _wpbc.calendar__set_param_value( 1, 'fixed__week_days__start',   [] );   _wpbc.calendar__set_param_value( 1, 'dynamic__days_min', 0 );   _wpbc.calendar__set_param_value( 1, 'dynamic__days_max', 0 );   _wpbc.calendar__set_param_value( 1, 'dynamic__days_specific',    [] );   _wpbc.calendar__set_param_value( 1, 'dynamic__week_days__start', [] );   _wpbc.calendar__set_param_value( 1, 'booking_date_format', 'j. F Y' );   _wpbc.calendar__set_param_value( 1, 'booking_time_format', 'G:i' );  _wpbc.set_other_param( 'message_dates_times_unavailable', 'These dates and times in this calendar are already booked or unavailable.' );  _wpbc.set_other_param( 'message_choose_alternative_dates', 'Please choose alternative date(s), times, or adjust the number of slots booked.' );  _wpbc.set_other_param( 'message_cannot_save_in_one_resource', 'It is not possible to store this sequence of the dates into the one same resource.' );   if ( 'function' === typeof ( wpbc__conditions__SAVE_INITIAL__days_selection_params__bm ) ){ wpbc__conditions__SAVE_INITIAL__days_selection_params__bm( 1 ); }   wpbc_calendar_show( '1' );   _wpbc.set_secure_param( 'nonce',   '35b7d2f789' );   _wpbc.set_secure_param( 'user_id', '0' );   _wpbc.set_secure_param( 'locale',  'de_DE' );  wpbc_calendar__load_data__ajx( {\"resource_id\":1,\"booking_hash\":\"\",\"request_uri\":\"\\\/wordpress\\\/index.php?rest_route=%2Fwp%2Fv2%2Fpages%2F165\",\"custom_form\":\"standard\",\"aggregate_resource_id_str\":\"\",\"aggregate_type\":\"all\"} );  } ); <\/script><\/span><\/div>\n<p>&#8212;&#8212;&#8212;&#8212;&#8212;&#8212;&#8212;&#8212;&#8212;&#8212;&#8212;&#8212;&#8212;&#8212;&#8212;&#8212;&#8212;&#8212;&#8212;&#8212;&#8212;&#8212;&#8212;&#8212;&#8212;&#8212;&#8211;<\/p>\n<p>angedachte Termine 2026 \/ \u00c4nderungen vorbehalten:<\/p>\n<p><span style=\"color: #9e2121;\">. 18.04.2026, Arbeitsdienst, Platz gesperrt 9.oo bis 14.oo Uhr<\/span><\/p>\n<p>. 09.05.2026, Arbeitsdienst, Platz gesperrt 9.oo bis 14.oo Uhr<br \/>\n. 30.05.2026, Arbeitsdienst, Platz gesperrt 9.oo bis 14.oo Uhr<\/p>\n<p>. 27.06.2026, Arbeitsdienst, Platz gesperrt 9.oo bis 14.oo Uhr<\/p>\n<p>. 18.07.2026, Arbeitsdienst, Platz gesperrt 9.oo bis 14.oo Uhr<\/p>\n<p>. 01.08.2026, Veranstaltung, Platz ganztags gesperrt<br \/>\n. 08.08.2026, Veranstaltung, Platz ganztags gesperrt<br \/>\n. 15.08.2026, Veranstaltung, Platz ganztags gesperrt<br \/>\n. 29.08.2026, Arbeitsdienst, Platz gesperrt 9.oo bis 14.oo Uhr<\/p>\n<p>. 05.09.2026, Veranstaltung, Platz ganztags gesperrt<br \/>\n. 26.09.2026, Arbeitsdienst, Platz gesperrt 9.oo bis 14.oo Uhr<\/p>\n<p>. 24.10.2026, Arbeitsdienst, Platz gesperrt 9.oo bis 14.oo Uhr<\/p>\n<p>. 21.11.2026, Arbeitsdienst, Platz gesperrt 9.oo bis 14.oo Uhr<\/p>\n<p>Die hier eingetragenen Arbeitsdienste werden zus\u00e4tzlich noch einmal best\u00e4tigt,<br \/>\nsiehe auch hier unsere Startseite AKTUELLES .<\/p>\n<p><span style=\"color: #ad3131;\">!! zus\u00e4tzlich bitte beachten !!<\/span><\/p>\n<p>Durch lang anhaltende Trockenheit haben selbst gesunde B\u00e4ume stark gelitten. Es ist<br \/>\nweit h\u00e4ufiger als sonst mit herabfallenden \u00c4sten \/ mit Totholz zu rechnen. Gerade bei<br \/>\nWind ist Vorsicht geboten.<\/p>\n","protected":false},"excerpt":{"rendered":"<p>Der folgende Kalender wird regelm\u00e4\u00dfig aktualisiert. Die Eintr\u00e4ge informieren im Detail \u00fcber Veranstaltungen, Arbeiten oder besondere Situationen vor Ort. &#8212;&#8212;&#8212;&#8212;&#8212;&#8212;&#8212;&#8212;&#8212;&#8212;&#8212;&#8212;&#8212;&#8212;&#8212;&#8212;&#8212;&#8212;&#8212;&#8212;&#8212;&#8212;&#8212;&#8212;&#8212;&#8212;&#8211; angedachte Termine 2026 \/ \u00c4nderungen vorbehalten: . 18.04.2026, Arbeitsdienst, Platz gesperrt 9.oo bis 14.oo Uhr . 09.05.2026, Arbeitsdienst, Platz gesperrt 9.oo bis 14.oo Uhr . 30.05.2026, Arbeitsdienst, Platz gesperrt 9.oo bis 14.oo Uhr . 27.06.2026, [&hellip;]<\/p>\n","protected":false},"author":1,"featured_media":0,"parent":0,"menu_order":0,"comment_status":"closed","ping_status":"closed","template":"","meta":{"_s2mail":"yes"},"_links":{"self":[{"href":"https:\/\/www.baden-bowmen.de\/wordpress\/index.php?rest_route=\/wp\/v2\/pages\/165"}],"collection":[{"href":"https:\/\/www.baden-bowmen.de\/wordpress\/index.php?rest_route=\/wp\/v2\/pages"}],"about":[{"href":"https:\/\/www.baden-bowmen.de\/wordpress\/index.php?rest_route=\/wp\/v2\/types\/page"}],"author":[{"embeddable":true,"href":"https:\/\/www.baden-bowmen.de\/wordpress\/index.php?rest_route=\/wp\/v2\/users\/1"}],"replies":[{"embeddable":true,"href":"https:\/\/www.baden-bowmen.de\/wordpress\/index.php?rest_route=%2Fwp%2Fv2%2Fcomments&post=165"}],"version-history":[{"count":179,"href":"https:\/\/www.baden-bowmen.de\/wordpress\/index.php?rest_route=\/wp\/v2\/pages\/165\/revisions"}],"predecessor-version":[{"id":1325,"href":"https:\/\/www.baden-bowmen.de\/wordpress\/index.php?rest_route=\/wp\/v2\/pages\/165\/revisions\/1325"}],"wp:attachment":[{"href":"https:\/\/www.baden-bowmen.de\/wordpress\/index.php?rest_route=%2Fwp%2Fv2%2Fmedia&parent=165"}],"curies":[{"name":"wp","href":"https:\/\/api.w.org\/{rel}","templated":true}]}}